{"id":7,"date":"2023-03-16T14:39:52","date_gmt":"2023-03-16T13:39:52","guid":{"rendered":"https:\/\/aquarelle.departementmarketing-test.fr\/martinique\/etre-rappele\/"},"modified":"2023-03-16T14:39:52","modified_gmt":"2023-03-16T13:39:52","slug":"etre-rappele","status":"publish","type":"page","link":"https:\/\/aquarelle.departementmarketing-test.fr\/martinique\/etre-rappele\/","title":{"rendered":"\u00catre rappel\u00e9"},"content":{"rendered":"<div class=\"py-5\">\n<div class=\"text-center\">\n<h1 class=\"mb-2\">\u00catre rappel\u00e9<\/h1>\n<div class=\"mb-4 color-pink fz15\">Une question ? Nous vous rappelons dans les plus brefs d\u00e9lais<\/div>\n<\/div>\n\n<div class=\"wpcf7 no-js\" id=\"wpcf7-f65-o1\" lang=\"fr-FR\" dir=\"ltr\" data-wpcf7-id=\"65\">\n<div class=\"screen-reader-response\"><p role=\"status\" aria-live=\"polite\" aria-atomic=\"true\"><\/p> <ul><\/ul><\/div>\n<form action=\"\/martinique\/wp-json\/wp\/v2\/pages\/7#wpcf7-f65-o1\" method=\"post\" class=\"wpcf7-form init\" aria-label=\"Formulaire de contact\" novalidate=\"novalidate\" data-status=\"init\">\n<fieldset class=\"hidden-fields-container\"><input type=\"hidden\" name=\"_wpcf7\" value=\"65\" \/><input type=\"hidden\" name=\"_wpcf7_version\" value=\"6.1.5\" \/><input type=\"hidden\" name=\"_wpcf7_locale\" value=\"fr_FR\" \/><input type=\"hidden\" name=\"_wpcf7_unit_tag\" value=\"wpcf7-f65-o1\" \/><input type=\"hidden\" name=\"_wpcf7_container_post\" value=\"0\" \/><input type=\"hidden\" name=\"_wpcf7_posted_data_hash\" value=\"\" \/><input type=\"hidden\" name=\"_cf7a__timestamp\" value=\"VZCWJCbQYEPH2XRr3rNgtg==\" \/><input type=\"hidden\" name=\"_cf7a_version\" value=\"1.0\" \/><input type=\"hidden\" name=\"_cf7a_address\" value=\"\" \/><input type=\"hidden\" name=\"_cf7a_referer\" value=\"\" \/><input type=\"hidden\" name=\"_cf7a_protocol\" value=\"\" \/><input type=\"hidden\" name=\"_cf7a_bot_fingerprint\" value=\"VZCWJCbQYEPH2XRr3rNgtg==\" \/><input type=\"hidden\" name=\"_cf7a_bot_fingerprint_extras\" \/><input type=\"hidden\" name=\"_cf7a_append_on_submit\" \/>\n<\/fieldset>\n<div class=\"text-center\">\n\t<p><label class=\"W-100\">T\u00e9l\u00e9phone*<br \/>\n<span class=\"wpcf7-form-control-wrap\" data-name=\"telephone\"><input size=\"40\" maxlength=\"400\" class=\"wpcf7-form-control wpcf7-tel wpcf7-validates-as-required wpcf7-text wpcf7-validates-as-tel\" aria-required=\"true\" aria-invalid=\"false\" placeholder=\"T\u00e9l\u00e9phone\" value=\"\" type=\"tel\" name=\"telephone\" \/><\/span><\/label>\n\t<\/p>\n\t<p><label class=\"W-100\">Sujet*<br \/>\n<span class=\"wpcf7-form-control-wrap\" data-name=\"Sujet\"><select class=\"wpcf7-form-control wpcf7-select wpcf7-validates-as-required\" aria-required=\"true\" aria-invalid=\"false\" name=\"Sujet\"><option value=\"\">&#8212;Veuillez choisir une option&#8212;<\/option><option value=\"Informations sur les prestations\">Informations sur les prestations<\/option><option value=\"Informations sur le recrutement\">Informations sur le recrutement<\/option><option value=\"Informations sur la franchise\">Informations sur la franchise<\/option><option value=\"Autre\">Autre<\/option><\/select><\/span><\/label>\n\t<\/p>\n\t<p><input class=\"wpcf7-form-control wpcf7-submit has-spinner\" type=\"submit\" value=\"Envoyer\" \/>\n\t<\/p>\n<\/div><div class=\"wpcf7-response-output\" aria-hidden=\"true\"><\/div>\n<\/form>\n<\/div>\n<\/div>\n","protected":false},"excerpt":{"rendered":"<p>\u00catre rappel\u00e9 Une question ? Nous vous rappelons dans les plus brefs d\u00e9lais<\/p>\n","protected":false},"author":1,"featured_media":0,"parent":0,"menu_order":0,"comment_status":"closed","ping_status":"closed","template":"","meta":{"_acf_changed":false,"footnotes":""},"class_list":["post-7","page","type-page","status-publish","hentry"],"acf":[],"yoast_head":"<!-- This site is optimized with the Yoast SEO plugin v27.2 - https:\/\/yoast.com\/product\/yoast-seo-wordpress\/ -->\n<title>\u00catre rappel\u00e9 - Aquarelle Le Robert - Martinique<\/title>\n<meta name=\"robots\" content=\"index, follow, max-snippet:-1, max-image-preview:large, max-video-preview:-1\" \/>\n<link rel=\"canonical\" href=\"https:\/\/aquarelle.departementmarketing-test.fr\/martinique\/etre-rappele\/\" \/>\n<meta property=\"og:locale\" content=\"fr_FR\" \/>\n<meta property=\"og:type\" content=\"article\" \/>\n<meta property=\"og:title\" content=\"\u00catre rappel\u00e9 - Aquarelle Le Robert - Martinique\" \/>\n<meta property=\"og:description\" content=\"\u00catre rappel\u00e9 Une question ? Nous vous rappelons dans les plus brefs d\u00e9lais\" \/>\n<meta property=\"og:url\" content=\"https:\/\/aquarelle.departementmarketing-test.fr\/martinique\/etre-rappele\/\" \/>\n<meta property=\"og:site_name\" content=\"Aquarelle Le Robert - Martinique\" \/>\n<meta name=\"twitter:card\" content=\"summary_large_image\" \/>\n<script type=\"application\/ld+json\" class=\"yoast-schema-graph\">{\"@context\":\"https:\/\/schema.org\",\"@graph\":[{\"@type\":\"WebPage\",\"@id\":\"https:\/\/aquarelle.departementmarketing-test.fr\/martinique\/etre-rappele\/\",\"url\":\"https:\/\/aquarelle.departementmarketing-test.fr\/martinique\/etre-rappele\/\",\"name\":\"\u00catre rappel\u00e9 - Aquarelle Le Robert - Martinique\",\"isPartOf\":{\"@id\":\"https:\/\/aquarelle.departementmarketing-test.fr\/martinique\/#website\"},\"datePublished\":\"2023-03-16T13:39:52+00:00\",\"breadcrumb\":{\"@id\":\"https:\/\/aquarelle.departementmarketing-test.fr\/martinique\/etre-rappele\/#breadcrumb\"},\"inLanguage\":\"fr-FR\",\"potentialAction\":[{\"@type\":\"ReadAction\",\"target\":[\"https:\/\/aquarelle.departementmarketing-test.fr\/martinique\/etre-rappele\/\"]}]},{\"@type\":\"BreadcrumbList\",\"@id\":\"https:\/\/aquarelle.departementmarketing-test.fr\/martinique\/etre-rappele\/#breadcrumb\",\"itemListElement\":[{\"@type\":\"ListItem\",\"position\":1,\"name\":\"Accueil\",\"item\":\"https:\/\/aquarelle.departementmarketing-test.fr\/martinique\/\"},{\"@type\":\"ListItem\",\"position\":2,\"name\":\"\u00catre rappel\u00e9\"}]},{\"@type\":\"WebSite\",\"@id\":\"https:\/\/aquarelle.departementmarketing-test.fr\/martinique\/#website\",\"url\":\"https:\/\/aquarelle.departementmarketing-test.fr\/martinique\/\",\"name\":\"Aquarelle Le Robert - Martinique\",\"description\":\"\",\"potentialAction\":[{\"@type\":\"SearchAction\",\"target\":{\"@type\":\"EntryPoint\",\"urlTemplate\":\"https:\/\/aquarelle.departementmarketing-test.fr\/martinique\/?s={search_term_string}\"},\"query-input\":{\"@type\":\"PropertyValueSpecification\",\"valueRequired\":true,\"valueName\":\"search_term_string\"}}],\"inLanguage\":\"fr-FR\"}]}<\/script>\n<!-- \/ Yoast SEO plugin. -->","yoast_head_json":{"title":"\u00catre rappel\u00e9 - Aquarelle Le Robert - Martinique","robots":{"index":"index","follow":"follow","max-snippet":"max-snippet:-1","max-image-preview":"max-image-preview:large","max-video-preview":"max-video-preview:-1"},"canonical":"https:\/\/aquarelle.departementmarketing-test.fr\/martinique\/etre-rappele\/","og_locale":"fr_FR","og_type":"article","og_title":"\u00catre rappel\u00e9 - Aquarelle Le Robert - Martinique","og_description":"\u00catre rappel\u00e9 Une question ? Nous vous rappelons dans les plus brefs d\u00e9lais","og_url":"https:\/\/aquarelle.departementmarketing-test.fr\/martinique\/etre-rappele\/","og_site_name":"Aquarelle Le Robert - Martinique","twitter_card":"summary_large_image","schema":{"@context":"https:\/\/schema.org","@graph":[{"@type":"WebPage","@id":"https:\/\/aquarelle.departementmarketing-test.fr\/martinique\/etre-rappele\/","url":"https:\/\/aquarelle.departementmarketing-test.fr\/martinique\/etre-rappele\/","name":"\u00catre rappel\u00e9 - Aquarelle Le Robert - Martinique","isPartOf":{"@id":"https:\/\/aquarelle.departementmarketing-test.fr\/martinique\/#website"},"datePublished":"2023-03-16T13:39:52+00:00","breadcrumb":{"@id":"https:\/\/aquarelle.departementmarketing-test.fr\/martinique\/etre-rappele\/#breadcrumb"},"inLanguage":"fr-FR","potentialAction":[{"@type":"ReadAction","target":["https:\/\/aquarelle.departementmarketing-test.fr\/martinique\/etre-rappele\/"]}]},{"@type":"BreadcrumbList","@id":"https:\/\/aquarelle.departementmarketing-test.fr\/martinique\/etre-rappele\/#breadcrumb","itemListElement":[{"@type":"ListItem","position":1,"name":"Accueil","item":"https:\/\/aquarelle.departementmarketing-test.fr\/martinique\/"},{"@type":"ListItem","position":2,"name":"\u00catre rappel\u00e9"}]},{"@type":"WebSite","@id":"https:\/\/aquarelle.departementmarketing-test.fr\/martinique\/#website","url":"https:\/\/aquarelle.departementmarketing-test.fr\/martinique\/","name":"Aquarelle Le Robert - Martinique","description":"","potentialAction":[{"@type":"SearchAction","target":{"@type":"EntryPoint","urlTemplate":"https:\/\/aquarelle.departementmarketing-test.fr\/martinique\/?s={search_term_string}"},"query-input":{"@type":"PropertyValueSpecification","valueRequired":true,"valueName":"search_term_string"}}],"inLanguage":"fr-FR"}]}},"_links":{"self":[{"href":"https:\/\/aquarelle.departementmarketing-test.fr\/martinique\/wp-json\/wp\/v2\/pages\/7","targetHints":{"allow":["GET"]}}],"collection":[{"href":"https:\/\/aquarelle.departementmarketing-test.fr\/martinique\/wp-json\/wp\/v2\/pages"}],"about":[{"href":"https:\/\/aquarelle.departementmarketing-test.fr\/martinique\/wp-json\/wp\/v2\/types\/page"}],"author":[{"embeddable":true,"href":"https:\/\/aquarelle.departementmarketing-test.fr\/martinique\/wp-json\/wp\/v2\/users\/1"}],"replies":[{"embeddable":true,"href":"https:\/\/aquarelle.departementmarketing-test.fr\/martinique\/wp-json\/wp\/v2\/comments?post=7"}],"version-history":[{"count":0,"href":"https:\/\/aquarelle.departementmarketing-test.fr\/martinique\/wp-json\/wp\/v2\/pages\/7\/revisions"}],"wp:attachment":[{"href":"https:\/\/aquarelle.departementmarketing-test.fr\/martinique\/wp-json\/wp\/v2\/media?parent=7"}],"curies":[{"name":"wp","href":"https:\/\/api.w.org\/{rel}","templated":true}]}}