{"id":60,"date":"2023-03-02T09:56:13","date_gmt":"2023-03-02T08:56:13","guid":{"rendered":"https:\/\/aquarelle.departementmarketing-test.fr\/site2\/?page_id=60"},"modified":"2023-03-02T09:58:33","modified_gmt":"2023-03-02T08:58:33","slug":"etre-rappele","status":"publish","type":"page","link":"https:\/\/aquarelle.departementmarketing-test.fr\/Toulouse\/etre-rappele\/","title":{"rendered":"\u00catre rappel\u00e9"},"content":{"rendered":"\t\t<div data-elementor-type=\"wp-page\" data-elementor-id=\"60\" class=\"elementor elementor-60\">\n\t\t\t\t\t\t<section class=\"elementor-section elementor-top-section elementor-element elementor-element-969a895 elementor-section-boxed elementor-section-height-default elementor-section-height-default\" data-id=\"969a895\" data-element_type=\"section\" data-e-type=\"section\">\n\t\t\t\t\t\t<div class=\"elementor-container elementor-column-gap-default\">\n\t\t\t\t\t<div class=\"elementor-column elementor-col-100 elementor-top-column elementor-element elementor-element-72433c1\" data-id=\"72433c1\" data-element_type=\"column\" data-e-type=\"column\">\n\t\t\t<div class=\"elementor-widget-wrap elementor-element-populated\">\n\t\t\t\t\t\t<div class=\"elementor-element elementor-element-4e91b0b elementor-widget elementor-widget-heading\" data-id=\"4e91b0b\" data-element_type=\"widget\" data-e-type=\"widget\" data-widget_type=\"heading.default\">\n\t\t\t\t<div class=\"elementor-widget-container\">\n\t\t\t\t\t<h1 class=\"elementor-heading-title elementor-size-xl\">\u00catre rappel\u00e9<\/h1>\t\t\t\t<\/div>\n\t\t\t\t<\/div>\n\t\t\t\t<div class=\"elementor-element elementor-element-faf6eab elementor-widget elementor-widget-text-editor\" data-id=\"faf6eab\" data-element_type=\"widget\" data-e-type=\"widget\" data-widget_type=\"text-editor.default\">\n\t\t\t\t<div class=\"elementor-widget-container\">\n\t\t\t\t\t\t\t\t\t<p>Une question ? Nous vous rappelons dans les plus brefs d\u00e9lais<\/p>\t\t\t\t\t\t\t\t<\/div>\n\t\t\t\t<\/div>\n\t\t\t\t<div class=\"elementor-element elementor-element-eff0c8b elementor-widget elementor-widget-shortcode\" data-id=\"eff0c8b\" data-element_type=\"widget\" data-e-type=\"widget\" data-widget_type=\"shortcode.default\">\n\t\t\t\t<div class=\"elementor-widget-container\">\n\t\t\t\t\t\t\t<div class=\"elementor-shortcode\">\n<div class=\"wpcf7 no-js\" id=\"wpcf7-f65-o1\" lang=\"fr-FR\" dir=\"ltr\" data-wpcf7-id=\"65\">\n<div class=\"screen-reader-response\"><p role=\"status\" aria-live=\"polite\" aria-atomic=\"true\"><\/p> <ul><\/ul><\/div>\n<form action=\"\/Toulouse\/wp-json\/wp\/v2\/pages\/60#wpcf7-f65-o1\" method=\"post\" class=\"wpcf7-form init\" aria-label=\"Formulaire de contact\" novalidate=\"novalidate\" data-status=\"init\">\n<fieldset class=\"hidden-fields-container\"><input type=\"hidden\" name=\"_wpcf7\" value=\"65\" \/><input type=\"hidden\" name=\"_wpcf7_version\" value=\"6.1.5\" \/><input type=\"hidden\" name=\"_wpcf7_locale\" value=\"fr_FR\" \/><input type=\"hidden\" name=\"_wpcf7_unit_tag\" value=\"wpcf7-f65-o1\" \/><input type=\"hidden\" name=\"_wpcf7_container_post\" value=\"0\" \/><input type=\"hidden\" name=\"_wpcf7_posted_data_hash\" value=\"\" \/><input type=\"hidden\" name=\"_cf7a__timestamp\" value=\"PeAgTA89XClZO8iDrb9b+g==\" \/><input type=\"hidden\" name=\"_cf7a_version\" value=\"1.0\" \/><input type=\"hidden\" name=\"_cf7a_address\" value=\"\" \/><input type=\"hidden\" name=\"_cf7a_referer\" value=\"\" \/><input type=\"hidden\" name=\"_cf7a_protocol\" value=\"\" \/><input type=\"hidden\" name=\"_cf7a_bot_fingerprint\" value=\"PeAgTA89XClZO8iDrb9b+g==\" \/><input type=\"hidden\" name=\"_cf7a_bot_fingerprint_extras\" \/><input type=\"hidden\" name=\"_cf7a_append_on_submit\" \/>\n<\/fieldset>\n<div class=\"text-center\">\n\t\n<!-- CF7 Modules -->\n<div style='display:none;'><input type=\"hidden\" class=\"wpcf7-form-control wpcf7-hidden\" name=\"email-dest\" placeholder=\"\" value=\"technique@departementmarketing.com\" \/>\n\t<\/div>\n<!-- End CF7 Modules -->\n\n\t<p><label class=\"W-100\">T\u00e9l\u00e9phone*<br \/>\n<span class=\"wpcf7-form-control-wrap\" data-name=\"telephone\"><input size=\"40\" maxlength=\"400\" class=\"wpcf7-form-control wpcf7-tel wpcf7-validates-as-required wpcf7-text wpcf7-validates-as-tel\" aria-required=\"true\" aria-invalid=\"false\" placeholder=\"T\u00e9l\u00e9phone\" value=\"\" type=\"tel\" name=\"telephone\" \/><\/span><\/label>\n\t<\/p>\n\t<p><label class=\"W-100\">Sujet*<br \/>\n<span class=\"wpcf7-form-control-wrap\" data-name=\"Sujet\"><select class=\"wpcf7-form-control wpcf7-select wpcf7-validates-as-required\" aria-required=\"true\" aria-invalid=\"false\" name=\"Sujet\"><option value=\"\">&#8212;Veuillez choisir une option&#8212;<\/option><option value=\"Informations sur les prestations\">Informations sur les prestations<\/option><option value=\"Informations sur le recrutement\">Informations sur le recrutement<\/option><option value=\"Informations sur la franchise\">Informations sur la franchise<\/option><option value=\"Autre\">Autre<\/option><\/select><\/span><\/label>\n\t<\/p>\n\t<p><input class=\"wpcf7-form-control wpcf7-submit has-spinner\" type=\"submit\" value=\"Envoyer\" \/>\n\t<\/p>\n<\/div><div class=\"wpcf7-response-output\" aria-hidden=\"true\"><\/div>\n<\/form>\n<\/div>\n<\/div>\n\t\t\t\t\t\t<\/div>\n\t\t\t\t<\/div>\n\t\t\t\t\t<\/div>\n\t\t<\/div>\n\t\t\t\t\t<\/div>\n\t\t<\/section>\n\t\t\t\t<\/div>\n\t\t","protected":false},"excerpt":{"rendered":"<p>\u00catre rappel\u00e9 Une question ? Nous vous rappelons dans les plus brefs d\u00e9lais<\/p>\n","protected":false},"author":1,"featured_media":0,"parent":0,"menu_order":0,"comment_status":"closed","ping_status":"closed","template":"","meta":{"_acf_changed":false,"footnotes":""},"class_list":["post-60","page","type-page","status-publish","hentry"],"acf":[],"yoast_head":"<!-- This site is optimized with the Yoast SEO plugin v27.2 - https:\/\/yoast.com\/product\/yoast-seo-wordpress\/ -->\n<title>\u00catre rappel\u00e9 - Aquarelle Toulouse Centre<\/title>\n<meta name=\"robots\" content=\"index, follow, max-snippet:-1, max-image-preview:large, max-video-preview:-1\" \/>\n<link rel=\"canonical\" href=\"https:\/\/aquarelle.departementmarketing-test.fr\/Toulouse\/etre-rappele\/\" \/>\n<meta property=\"og:locale\" content=\"fr_FR\" \/>\n<meta property=\"og:type\" content=\"article\" \/>\n<meta property=\"og:title\" content=\"\u00catre rappel\u00e9 - Aquarelle Toulouse Centre\" \/>\n<meta property=\"og:description\" content=\"\u00catre rappel\u00e9 Une question ? Nous vous rappelons dans les plus brefs d\u00e9lais\" \/>\n<meta property=\"og:url\" content=\"https:\/\/aquarelle.departementmarketing-test.fr\/Toulouse\/etre-rappele\/\" \/>\n<meta property=\"og:site_name\" content=\"Aquarelle Toulouse Centre\" \/>\n<meta property=\"article:modified_time\" content=\"2023-03-02T08:58:33+00:00\" \/>\n<meta name=\"twitter:card\" content=\"summary_large_image\" \/>\n<meta name=\"twitter:label1\" content=\"Dur\u00e9e de lecture estim\u00e9e\" \/>\n\t<meta name=\"twitter:data1\" content=\"1 minute\" \/>\n<script type=\"application\/ld+json\" class=\"yoast-schema-graph\">{\"@context\":\"https:\/\/schema.org\",\"@graph\":[{\"@type\":\"WebPage\",\"@id\":\"https:\/\/aquarelle.departementmarketing-test.fr\/Toulouse\/etre-rappele\/\",\"url\":\"https:\/\/aquarelle.departementmarketing-test.fr\/Toulouse\/etre-rappele\/\",\"name\":\"\u00catre rappel\u00e9 - Aquarelle Toulouse Centre\",\"isPartOf\":{\"@id\":\"https:\/\/aquarelle.departementmarketing-test.fr\/Toulouse\/#website\"},\"datePublished\":\"2023-03-02T08:56:13+00:00\",\"dateModified\":\"2023-03-02T08:58:33+00:00\",\"breadcrumb\":{\"@id\":\"https:\/\/aquarelle.departementmarketing-test.fr\/Toulouse\/etre-rappele\/#breadcrumb\"},\"inLanguage\":\"fr-FR\",\"potentialAction\":[{\"@type\":\"ReadAction\",\"target\":[\"https:\/\/aquarelle.departementmarketing-test.fr\/Toulouse\/etre-rappele\/\"]}]},{\"@type\":\"BreadcrumbList\",\"@id\":\"https:\/\/aquarelle.departementmarketing-test.fr\/Toulouse\/etre-rappele\/#breadcrumb\",\"itemListElement\":[{\"@type\":\"ListItem\",\"position\":1,\"name\":\"Accueil\",\"item\":\"https:\/\/aquarelle.departementmarketing-test.fr\/Toulouse\/\"},{\"@type\":\"ListItem\",\"position\":2,\"name\":\"\u00catre rappel\u00e9\"}]},{\"@type\":\"WebSite\",\"@id\":\"https:\/\/aquarelle.departementmarketing-test.fr\/Toulouse\/#website\",\"url\":\"https:\/\/aquarelle.departementmarketing-test.fr\/Toulouse\/\",\"name\":\"Aquarelle Toulouse Centre\",\"description\":\"\",\"publisher\":{\"@id\":\"https:\/\/aquarelle.departementmarketing-test.fr\/Toulouse\/#organization\"},\"potentialAction\":[{\"@type\":\"SearchAction\",\"target\":{\"@type\":\"EntryPoint\",\"urlTemplate\":\"https:\/\/aquarelle.departementmarketing-test.fr\/Toulouse\/?s={search_term_string}\"},\"query-input\":{\"@type\":\"PropertyValueSpecification\",\"valueRequired\":true,\"valueName\":\"search_term_string\"}}],\"inLanguage\":\"fr-FR\"},{\"@type\":\"Organization\",\"@id\":\"https:\/\/aquarelle.departementmarketing-test.fr\/Toulouse\/#organization\",\"name\":\"Aquarelle Toulouse Centre\",\"url\":\"https:\/\/aquarelle.departementmarketing-test.fr\/Toulouse\/\",\"logo\":{\"@type\":\"ImageObject\",\"inLanguage\":\"fr-FR\",\"@id\":\"https:\/\/aquarelle.departementmarketing-test.fr\/Toulouse\/#\/schema\/logo\/image\/\",\"url\":\"https:\/\/aquarelle.departementmarketing-test.fr\/Toulouse\/wp-content\/uploads\/sites\/3\/2022\/12\/logo.svg\",\"contentUrl\":\"https:\/\/aquarelle.departementmarketing-test.fr\/Toulouse\/wp-content\/uploads\/sites\/3\/2022\/12\/logo.svg\",\"width\":953,\"height\":269,\"caption\":\"Aquarelle Toulouse Centre\"},\"image\":{\"@id\":\"https:\/\/aquarelle.departementmarketing-test.fr\/Toulouse\/#\/schema\/logo\/image\/\"}}]}<\/script>\n<!-- \/ Yoast SEO plugin. -->","yoast_head_json":{"title":"\u00catre rappel\u00e9 - Aquarelle Toulouse Centre","robots":{"index":"index","follow":"follow","max-snippet":"max-snippet:-1","max-image-preview":"max-image-preview:large","max-video-preview":"max-video-preview:-1"},"canonical":"https:\/\/aquarelle.departementmarketing-test.fr\/Toulouse\/etre-rappele\/","og_locale":"fr_FR","og_type":"article","og_title":"\u00catre rappel\u00e9 - Aquarelle Toulouse Centre","og_description":"\u00catre rappel\u00e9 Une question ? Nous vous rappelons dans les plus brefs d\u00e9lais","og_url":"https:\/\/aquarelle.departementmarketing-test.fr\/Toulouse\/etre-rappele\/","og_site_name":"Aquarelle Toulouse Centre","article_modified_time":"2023-03-02T08:58:33+00:00","twitter_card":"summary_large_image","twitter_misc":{"Dur\u00e9e de lecture estim\u00e9e":"1 minute"},"schema":{"@context":"https:\/\/schema.org","@graph":[{"@type":"WebPage","@id":"https:\/\/aquarelle.departementmarketing-test.fr\/Toulouse\/etre-rappele\/","url":"https:\/\/aquarelle.departementmarketing-test.fr\/Toulouse\/etre-rappele\/","name":"\u00catre rappel\u00e9 - Aquarelle Toulouse Centre","isPartOf":{"@id":"https:\/\/aquarelle.departementmarketing-test.fr\/Toulouse\/#website"},"datePublished":"2023-03-02T08:56:13+00:00","dateModified":"2023-03-02T08:58:33+00:00","breadcrumb":{"@id":"https:\/\/aquarelle.departementmarketing-test.fr\/Toulouse\/etre-rappele\/#breadcrumb"},"inLanguage":"fr-FR","potentialAction":[{"@type":"ReadAction","target":["https:\/\/aquarelle.departementmarketing-test.fr\/Toulouse\/etre-rappele\/"]}]},{"@type":"BreadcrumbList","@id":"https:\/\/aquarelle.departementmarketing-test.fr\/Toulouse\/etre-rappele\/#breadcrumb","itemListElement":[{"@type":"ListItem","position":1,"name":"Accueil","item":"https:\/\/aquarelle.departementmarketing-test.fr\/Toulouse\/"},{"@type":"ListItem","position":2,"name":"\u00catre rappel\u00e9"}]},{"@type":"WebSite","@id":"https:\/\/aquarelle.departementmarketing-test.fr\/Toulouse\/#website","url":"https:\/\/aquarelle.departementmarketing-test.fr\/Toulouse\/","name":"Aquarelle Toulouse Centre","description":"","publisher":{"@id":"https:\/\/aquarelle.departementmarketing-test.fr\/Toulouse\/#organization"},"potentialAction":[{"@type":"SearchAction","target":{"@type":"EntryPoint","urlTemplate":"https:\/\/aquarelle.departementmarketing-test.fr\/Toulouse\/?s={search_term_string}"},"query-input":{"@type":"PropertyValueSpecification","valueRequired":true,"valueName":"search_term_string"}}],"inLanguage":"fr-FR"},{"@type":"Organization","@id":"https:\/\/aquarelle.departementmarketing-test.fr\/Toulouse\/#organization","name":"Aquarelle Toulouse Centre","url":"https:\/\/aquarelle.departementmarketing-test.fr\/Toulouse\/","logo":{"@type":"ImageObject","inLanguage":"fr-FR","@id":"https:\/\/aquarelle.departementmarketing-test.fr\/Toulouse\/#\/schema\/logo\/image\/","url":"https:\/\/aquarelle.departementmarketing-test.fr\/Toulouse\/wp-content\/uploads\/sites\/3\/2022\/12\/logo.svg","contentUrl":"https:\/\/aquarelle.departementmarketing-test.fr\/Toulouse\/wp-content\/uploads\/sites\/3\/2022\/12\/logo.svg","width":953,"height":269,"caption":"Aquarelle Toulouse Centre"},"image":{"@id":"https:\/\/aquarelle.departementmarketing-test.fr\/Toulouse\/#\/schema\/logo\/image\/"}}]}},"_links":{"self":[{"href":"https:\/\/aquarelle.departementmarketing-test.fr\/Toulouse\/wp-json\/wp\/v2\/pages\/60","targetHints":{"allow":["GET"]}}],"collection":[{"href":"https:\/\/aquarelle.departementmarketing-test.fr\/Toulouse\/wp-json\/wp\/v2\/pages"}],"about":[{"href":"https:\/\/aquarelle.departementmarketing-test.fr\/Toulouse\/wp-json\/wp\/v2\/types\/page"}],"author":[{"embeddable":true,"href":"https:\/\/aquarelle.departementmarketing-test.fr\/Toulouse\/wp-json\/wp\/v2\/users\/1"}],"replies":[{"embeddable":true,"href":"https:\/\/aquarelle.departementmarketing-test.fr\/Toulouse\/wp-json\/wp\/v2\/comments?post=60"}],"version-history":[{"count":7,"href":"https:\/\/aquarelle.departementmarketing-test.fr\/Toulouse\/wp-json\/wp\/v2\/pages\/60\/revisions"}],"predecessor-version":[{"id":68,"href":"https:\/\/aquarelle.departementmarketing-test.fr\/Toulouse\/wp-json\/wp\/v2\/pages\/60\/revisions\/68"}],"wp:attachment":[{"href":"https:\/\/aquarelle.departementmarketing-test.fr\/Toulouse\/wp-json\/wp\/v2\/media?parent=60"}],"curies":[{"name":"wp","href":"https:\/\/api.w.org\/{rel}","templated":true}]}}