{"id":15,"date":"2023-03-01T15:33:33","date_gmt":"2023-03-01T14:33:33","guid":{"rendered":"https:\/\/aquarelle.departementmarketing-test.fr\/site2\/?page_id=15"},"modified":"2024-05-21T11:56:13","modified_gmt":"2024-05-21T09:56:13","slug":"accueil","status":"publish","type":"page","link":"https:\/\/aquarelle.departementmarketing-test.fr\/Toulouse\/","title":{"rendered":"Accueil"},"content":{"rendered":"\t\t<div data-elementor-type=\"wp-page\" data-elementor-id=\"15\" class=\"elementor elementor-15\">\n\t\t\t\t\t\t<section class=\"elementor-section elementor-top-section elementor-element elementor-element-6639763 elementor-section-boxed elementor-section-height-default elementor-section-height-default\" data-id=\"6639763\" data-element_type=\"section\" data-e-type=\"section\">\n\t\t\t\t\t\t<div class=\"elementor-container elementor-column-gap-default\">\n\t\t\t\t\t<div class=\"elementor-column elementor-col-100 elementor-top-column elementor-element elementor-element-1e6fd45\" data-id=\"1e6fd45\" data-element_type=\"column\" data-e-type=\"column\">\n\t\t\t<div class=\"elementor-widget-wrap elementor-element-populated\">\n\t\t\t\t\t\t<div class=\"elementor-element elementor-element-3524e7e elementor-widget elementor-widget-text-editor\" data-id=\"3524e7e\" data-element_type=\"widget\" data-e-type=\"widget\" data-widget_type=\"text-editor.default\">\n\t\t\t\t<div class=\"elementor-widget-container\">\n\t\t\t\t\t\t\t\t\t<figure id=\"attachment_246\" aria-describedby=\"caption-attachment-246\" style=\"width: 300px\" class=\"wp-caption aligncenter\"><a href=\"https:\/\/aquarelle-service.fr\/fonctionnement\/#AICI\" target=\"_blank\" rel=\"noopener\"><img decoding=\"async\" class=\"wp-image-246 size-medium\" src=\"https:\/\/toulouse.aquarelle-service.fr\/wp-content\/uploads\/sites\/3\/2023\/05\/Logo_AICI_HD-removebg-preview-300x151.png\" alt=\"Aide a domicile toulouse\" width=\"300\" height=\"151\" \/><\/a><figcaption id=\"caption-attachment-246\" class=\"wp-caption-text\">Aide a domicile toulouse<\/figcaption><\/figure><p><strong>Nos prestations sont \u00e9ligibles \u00e0 l&rsquo;avance imm\u00e9diate du cr\u00e9dit d&rsquo;imp\u00f4t !<\/strong><\/p><p style=\"text-align: center;\"><a class=\"pink button\" href=\"https:\/\/aquarelle-service.fr\/fonctionnement\/\" target=\"_blank\" rel=\"noopener\">En savoir plus<\/a><\/p><figure id=\"attachment_288\" aria-describedby=\"caption-attachment-288\" style=\"width: 300px\" class=\"wp-caption aligncenter\"><a href=\"https:\/\/aquarelle-service.fr\/actualites\/demandez-angela-cest-quoi\/\" target=\"_blank\" rel=\"noopener\"><img fetchpriority=\"high\" decoding=\"async\" class=\"wp-image-288 size-medium\" src=\"https:\/\/toulouse.aquarelle-service.fr\/wp-content\/uploads\/sites\/3\/2023\/07\/MicrosoftTeams-image-8-300x300.png\" alt=\"Aide a domicile toulouse\" width=\"300\" height=\"300\" \/><\/a><figcaption id=\"caption-attachment-288\" class=\"wp-caption-text\">Aide a domicile toulouse<\/figcaption><\/figure>\t\t\t\t\t\t\t\t<\/div>\n\t\t\t\t<\/div>\n\t\t\t\t\t<\/div>\n\t\t<\/div>\n\t\t\t\t\t<\/div>\n\t\t<\/section>\n\t\t\t\t<\/div>\n\t\t","protected":false},"excerpt":{"rendered":"<p>Nos prestations sont \u00e9ligibles \u00e0 l&rsquo;avance imm\u00e9diate du cr\u00e9dit d&rsquo;imp\u00f4t ! En savoir plus<\/p>\n","protected":false},"author":1,"featured_media":0,"parent":0,"menu_order":0,"comment_status":"closed","ping_status":"closed","template":"page_templates\/home.php","meta":{"_acf_changed":false,"footnotes":""},"class_list":["post-15","page","type-page","status-publish","hentry"],"acf":[],"yoast_head":"<!-- This site is optimized with the Yoast SEO plugin v27.2 - https:\/\/yoast.com\/product\/yoast-seo-wordpress\/ -->\n<title>Accueil - Aquarelle Toulouse Centre<\/title>\n<meta name=\"robots\" content=\"index, follow, max-snippet:-1, max-image-preview:large, max-video-preview:-1\" \/>\n<link rel=\"canonical\" href=\"https:\/\/aquarelle.departementmarketing-test.fr\/Toulouse\/\" \/>\n<meta property=\"og:locale\" content=\"fr_FR\" \/>\n<meta property=\"og:type\" content=\"article\" \/>\n<meta property=\"og:title\" content=\"Accueil - Aquarelle Toulouse Centre\" \/>\n<meta property=\"og:description\" content=\"Nos prestations sont \u00e9ligibles \u00e0 l&rsquo;avance imm\u00e9diate du cr\u00e9dit d&rsquo;imp\u00f4t ! En savoir plus\" \/>\n<meta property=\"og:url\" content=\"https:\/\/aquarelle.departementmarketing-test.fr\/Toulouse\/\" \/>\n<meta property=\"og:site_name\" content=\"Aquarelle Toulouse Centre\" \/>\n<meta property=\"article:modified_time\" content=\"2024-05-21T09:56:13+00:00\" \/>\n<meta property=\"og:image\" content=\"https:\/\/toulouse.aquarelle-service.fr\/wp-content\/uploads\/sites\/3\/2023\/05\/Logo_AICI_HD-removebg-preview-300x151.png\" \/>\n<meta name=\"twitter:card\" content=\"summary_large_image\" \/>\n<meta name=\"twitter:label1\" content=\"Dur\u00e9e de lecture estim\u00e9e\" \/>\n\t<meta name=\"twitter:data1\" content=\"1 minute\" \/>\n<script type=\"application\/ld+json\" class=\"yoast-schema-graph\">{\"@context\":\"https:\/\/schema.org\",\"@graph\":[{\"@type\":\"WebPage\",\"@id\":\"https:\/\/aquarelle.departementmarketing-test.fr\/Toulouse\/\",\"url\":\"https:\/\/aquarelle.departementmarketing-test.fr\/Toulouse\/\",\"name\":\"Accueil - Aquarelle Toulouse Centre\",\"isPartOf\":{\"@id\":\"https:\/\/aquarelle.departementmarketing-test.fr\/Toulouse\/#website\"},\"primaryImageOfPage\":{\"@id\":\"https:\/\/aquarelle.departementmarketing-test.fr\/Toulouse\/#primaryimage\"},\"image\":{\"@id\":\"https:\/\/aquarelle.departementmarketing-test.fr\/Toulouse\/#primaryimage\"},\"thumbnailUrl\":\"https:\/\/toulouse.aquarelle-service.fr\/wp-content\/uploads\/sites\/3\/2023\/05\/Logo_AICI_HD-removebg-preview-300x151.png\",\"datePublished\":\"2023-03-01T14:33:33+00:00\",\"dateModified\":\"2024-05-21T09:56:13+00:00\",\"breadcrumb\":{\"@id\":\"https:\/\/aquarelle.departementmarketing-test.fr\/Toulouse\/#breadcrumb\"},\"inLanguage\":\"fr-FR\",\"potentialAction\":[{\"@type\":\"ReadAction\",\"target\":[\"https:\/\/aquarelle.departementmarketing-test.fr\/Toulouse\/\"]}]},{\"@type\":\"ImageObject\",\"inLanguage\":\"fr-FR\",\"@id\":\"https:\/\/aquarelle.departementmarketing-test.fr\/Toulouse\/#primaryimage\",\"url\":\"https:\/\/toulouse.aquarelle-service.fr\/wp-content\/uploads\/sites\/3\/2023\/05\/Logo_AICI_HD-removebg-preview-300x151.png\",\"contentUrl\":\"https:\/\/toulouse.aquarelle-service.fr\/wp-content\/uploads\/sites\/3\/2023\/05\/Logo_AICI_HD-removebg-preview-300x151.png\"},{\"@type\":\"BreadcrumbList\",\"@id\":\"https:\/\/aquarelle.departementmarketing-test.fr\/Toulouse\/#breadcrumb\",\"itemListElement\":[{\"@type\":\"ListItem\",\"position\":1,\"name\":\"Accueil\",\"item\":\"https:\/\/aquarelle.departementmarketing-test.fr\/Toulouse\/\"},{\"@type\":\"ListItem\",\"position\":2,\"name\":\"Accueil\"}]},{\"@type\":\"WebSite\",\"@id\":\"https:\/\/aquarelle.departementmarketing-test.fr\/Toulouse\/#website\",\"url\":\"https:\/\/aquarelle.departementmarketing-test.fr\/Toulouse\/\",\"name\":\"Aquarelle Toulouse Centre\",\"description\":\"\",\"publisher\":{\"@id\":\"https:\/\/aquarelle.departementmarketing-test.fr\/Toulouse\/#organization\"},\"potentialAction\":[{\"@type\":\"SearchAction\",\"target\":{\"@type\":\"EntryPoint\",\"urlTemplate\":\"https:\/\/aquarelle.departementmarketing-test.fr\/Toulouse\/?s={search_term_string}\"},\"query-input\":{\"@type\":\"PropertyValueSpecification\",\"valueRequired\":true,\"valueName\":\"search_term_string\"}}],\"inLanguage\":\"fr-FR\"},{\"@type\":\"Organization\",\"@id\":\"https:\/\/aquarelle.departementmarketing-test.fr\/Toulouse\/#organization\",\"name\":\"Aquarelle Toulouse Centre\",\"url\":\"https:\/\/aquarelle.departementmarketing-test.fr\/Toulouse\/\",\"logo\":{\"@type\":\"ImageObject\",\"inLanguage\":\"fr-FR\",\"@id\":\"https:\/\/aquarelle.departementmarketing-test.fr\/Toulouse\/#\/schema\/logo\/image\/\",\"url\":\"https:\/\/aquarelle.departementmarketing-test.fr\/Toulouse\/wp-content\/uploads\/sites\/3\/2022\/12\/logo.svg\",\"contentUrl\":\"https:\/\/aquarelle.departementmarketing-test.fr\/Toulouse\/wp-content\/uploads\/sites\/3\/2022\/12\/logo.svg\",\"width\":953,\"height\":269,\"caption\":\"Aquarelle Toulouse Centre\"},\"image\":{\"@id\":\"https:\/\/aquarelle.departementmarketing-test.fr\/Toulouse\/#\/schema\/logo\/image\/\"}}]}<\/script>\n<!-- \/ Yoast SEO plugin. -->","yoast_head_json":{"title":"Accueil - Aquarelle Toulouse Centre","robots":{"index":"index","follow":"follow","max-snippet":"max-snippet:-1","max-image-preview":"max-image-preview:large","max-video-preview":"max-video-preview:-1"},"canonical":"https:\/\/aquarelle.departementmarketing-test.fr\/Toulouse\/","og_locale":"fr_FR","og_type":"article","og_title":"Accueil - Aquarelle Toulouse Centre","og_description":"Nos prestations sont \u00e9ligibles \u00e0 l&rsquo;avance imm\u00e9diate du cr\u00e9dit d&rsquo;imp\u00f4t ! En savoir plus","og_url":"https:\/\/aquarelle.departementmarketing-test.fr\/Toulouse\/","og_site_name":"Aquarelle Toulouse Centre","article_modified_time":"2024-05-21T09:56:13+00:00","og_image":[{"url":"https:\/\/toulouse.aquarelle-service.fr\/wp-content\/uploads\/sites\/3\/2023\/05\/Logo_AICI_HD-removebg-preview-300x151.png","type":"","width":"","height":""}],"twitter_card":"summary_large_image","twitter_misc":{"Dur\u00e9e de lecture estim\u00e9e":"1 minute"},"schema":{"@context":"https:\/\/schema.org","@graph":[{"@type":"WebPage","@id":"https:\/\/aquarelle.departementmarketing-test.fr\/Toulouse\/","url":"https:\/\/aquarelle.departementmarketing-test.fr\/Toulouse\/","name":"Accueil - Aquarelle Toulouse Centre","isPartOf":{"@id":"https:\/\/aquarelle.departementmarketing-test.fr\/Toulouse\/#website"},"primaryImageOfPage":{"@id":"https:\/\/aquarelle.departementmarketing-test.fr\/Toulouse\/#primaryimage"},"image":{"@id":"https:\/\/aquarelle.departementmarketing-test.fr\/Toulouse\/#primaryimage"},"thumbnailUrl":"https:\/\/toulouse.aquarelle-service.fr\/wp-content\/uploads\/sites\/3\/2023\/05\/Logo_AICI_HD-removebg-preview-300x151.png","datePublished":"2023-03-01T14:33:33+00:00","dateModified":"2024-05-21T09:56:13+00:00","breadcrumb":{"@id":"https:\/\/aquarelle.departementmarketing-test.fr\/Toulouse\/#breadcrumb"},"inLanguage":"fr-FR","potentialAction":[{"@type":"ReadAction","target":["https:\/\/aquarelle.departementmarketing-test.fr\/Toulouse\/"]}]},{"@type":"ImageObject","inLanguage":"fr-FR","@id":"https:\/\/aquarelle.departementmarketing-test.fr\/Toulouse\/#primaryimage","url":"https:\/\/toulouse.aquarelle-service.fr\/wp-content\/uploads\/sites\/3\/2023\/05\/Logo_AICI_HD-removebg-preview-300x151.png","contentUrl":"https:\/\/toulouse.aquarelle-service.fr\/wp-content\/uploads\/sites\/3\/2023\/05\/Logo_AICI_HD-removebg-preview-300x151.png"},{"@type":"BreadcrumbList","@id":"https:\/\/aquarelle.departementmarketing-test.fr\/Toulouse\/#breadcrumb","itemListElement":[{"@type":"ListItem","position":1,"name":"Accueil","item":"https:\/\/aquarelle.departementmarketing-test.fr\/Toulouse\/"},{"@type":"ListItem","position":2,"name":"Accueil"}]},{"@type":"WebSite","@id":"https:\/\/aquarelle.departementmarketing-test.fr\/Toulouse\/#website","url":"https:\/\/aquarelle.departementmarketing-test.fr\/Toulouse\/","name":"Aquarelle Toulouse Centre","description":"","publisher":{"@id":"https:\/\/aquarelle.departementmarketing-test.fr\/Toulouse\/#organization"},"potentialAction":[{"@type":"SearchAction","target":{"@type":"EntryPoint","urlTemplate":"https:\/\/aquarelle.departementmarketing-test.fr\/Toulouse\/?s={search_term_string}"},"query-input":{"@type":"PropertyValueSpecification","valueRequired":true,"valueName":"search_term_string"}}],"inLanguage":"fr-FR"},{"@type":"Organization","@id":"https:\/\/aquarelle.departementmarketing-test.fr\/Toulouse\/#organization","name":"Aquarelle Toulouse Centre","url":"https:\/\/aquarelle.departementmarketing-test.fr\/Toulouse\/","logo":{"@type":"ImageObject","inLanguage":"fr-FR","@id":"https:\/\/aquarelle.departementmarketing-test.fr\/Toulouse\/#\/schema\/logo\/image\/","url":"https:\/\/aquarelle.departementmarketing-test.fr\/Toulouse\/wp-content\/uploads\/sites\/3\/2022\/12\/logo.svg","contentUrl":"https:\/\/aquarelle.departementmarketing-test.fr\/Toulouse\/wp-content\/uploads\/sites\/3\/2022\/12\/logo.svg","width":953,"height":269,"caption":"Aquarelle Toulouse Centre"},"image":{"@id":"https:\/\/aquarelle.departementmarketing-test.fr\/Toulouse\/#\/schema\/logo\/image\/"}}]}},"_links":{"self":[{"href":"https:\/\/aquarelle.departementmarketing-test.fr\/Toulouse\/wp-json\/wp\/v2\/pages\/15","targetHints":{"allow":["GET"]}}],"collection":[{"href":"https:\/\/aquarelle.departementmarketing-test.fr\/Toulouse\/wp-json\/wp\/v2\/pages"}],"about":[{"href":"https:\/\/aquarelle.departementmarketing-test.fr\/Toulouse\/wp-json\/wp\/v2\/types\/page"}],"author":[{"embeddable":true,"href":"https:\/\/aquarelle.departementmarketing-test.fr\/Toulouse\/wp-json\/wp\/v2\/users\/1"}],"replies":[{"embeddable":true,"href":"https:\/\/aquarelle.departementmarketing-test.fr\/Toulouse\/wp-json\/wp\/v2\/comments?post=15"}],"version-history":[{"count":33,"href":"https:\/\/aquarelle.departementmarketing-test.fr\/Toulouse\/wp-json\/wp\/v2\/pages\/15\/revisions"}],"predecessor-version":[{"id":171,"href":"https:\/\/aquarelle.departementmarketing-test.fr\/Toulouse\/wp-json\/wp\/v2\/pages\/15\/revisions\/171"}],"wp:attachment":[{"href":"https:\/\/aquarelle.departementmarketing-test.fr\/Toulouse\/wp-json\/wp\/v2\/media?parent=15"}],"curies":[{"name":"wp","href":"https:\/\/api.w.org\/{rel}","templated":true}]}}